{"id":801,"date":"2018-08-31T18:39:47","date_gmt":"2018-08-31T21:39:47","guid":{"rendered":"https:\/\/iesm-tuc.infd.edu.ar\/sitio\/personal-administrativo\/"},"modified":"2020-04-03T12:42:39","modified_gmt":"2020-04-03T15:42:39","slug":"personal-administrativo","status":"publish","type":"page","link":"https:\/\/iesm-tuc.infd.edu.ar\/sitio\/personal-administrativo\/","title":{"rendered":"Personal Administrativo"},"content":{"rendered":"<p style=\"text-align: center;\"><span style=\"color: #0000ff;\"><strong>PERSONAL ADMINISTRATIVO Y AUXILIAR\u00a0<\/strong><\/span><\/p>\n<table>\n<tbody>\n<tr>\n<td width=\"161\"><strong>Apellido y Nombre<\/strong><\/td>\n<td width=\"161\"><strong>Cargo<\/strong><\/td>\n<td width=\"129\"><strong>Turno<\/strong><\/td>\n<td width=\"152\"><strong>Situaci\u00f3n <\/strong><\/td>\n<\/tr>\n<tr>\n<td width=\"161\">&nbsp;<\/p>\n<p>Baz\u00e1n, Mar\u00eda Raquel<\/td>\n<td width=\"161\">Ayudante Trabajos Practico \u2013 Inform\u00e1tica<\/td>\n<td width=\"129\">&nbsp;<\/p>\n<p>Noche<\/td>\n<td width=\"152\">Interina- Adscripta Direcci\u00f3n de Asistencia Pedag\u00f3gica<\/td>\n<\/tr>\n<tr>\n<td width=\"161\">&nbsp;<\/p>\n<p>Fiad, Alejandro\u00a0 David<\/p>\n<p>&nbsp;<\/td>\n<td width=\"161\">Ayudante de Trabajos Practico \u2013 Inform\u00e1tica<\/td>\n<td width=\"129\">&nbsp;<\/p>\n<p>Noche<\/td>\n<td width=\"152\">&nbsp;<\/p>\n<p>Suplente<\/td>\n<\/tr>\n<tr>\n<td width=\"161\">Correa, Mirta Beatriz<\/td>\n<td width=\"161\">Preceptora<\/td>\n<td width=\"129\">Noche<\/td>\n<td width=\"152\">Interina. Lic Art. 10 C<\/td>\n<\/tr>\n<tr>\n<td width=\"161\">Nieva, Leonor<\/td>\n<td width=\"161\">Preceptora<\/td>\n<td width=\"129\">Noche<\/td>\n<td width=\"152\">Suplente<\/td>\n<\/tr>\n<tr>\n<td width=\"161\">D\u00edaz, Evangelina Lucrecia<\/td>\n<td width=\"161\">Preceptora<\/td>\n<td width=\"129\">Noche<\/td>\n<td width=\"152\">Interina<\/td>\n<\/tr>\n<tr>\n<td width=\"161\">Escobar, Anal\u00eda Ver\u00f3nica<\/td>\n<td width=\"161\">Ayudante de Trabajos Pr\u00e1cticos &#8211; Matem\u00e1tica<\/td>\n<td width=\"129\">&nbsp;<\/p>\n<p>Noche<\/td>\n<td width=\"152\">&nbsp;<\/p>\n<p>Interina<\/td>\n<\/tr>\n<tr>\n<td width=\"161\">Faralle, Lorena Sof\u00eda<\/td>\n<td width=\"161\">Ayudante de Secretaria<\/td>\n<td width=\"129\">Noche<\/td>\n<td width=\"152\">Interina<\/td>\n<\/tr>\n<tr>\n<td width=\"161\">Gonz\u00e1lez, Gladys del Carmen<\/td>\n<td width=\"161\">&nbsp;<\/p>\n<p>Preceptora<\/td>\n<td width=\"129\">&nbsp;<\/p>\n<p>Noche<\/td>\n<td width=\"152\">&nbsp;<\/p>\n<p>Interina<\/td>\n<\/tr>\n<tr>\n<td width=\"161\">Ibarra, Nancy Mercedes<\/td>\n<td width=\"161\">Ayudante de\u00a0 Trabajos Pr\u00e1cticos- Geograf\u00eda<\/td>\n<td width=\"129\">&nbsp;<\/p>\n<p>Noche<\/td>\n<td width=\"152\">&nbsp;<\/p>\n<p>Interina<\/td>\n<\/tr>\n<tr>\n<td width=\"161\">Jaime, Rosana del Valle<\/td>\n<td width=\"161\">Preceptora<\/td>\n<td width=\"129\">Tarde<\/td>\n<td width=\"152\">Interina<\/td>\n<\/tr>\n<tr>\n<td width=\"161\">Jim\u00e9nez, Zulema In\u00e9s<\/td>\n<td width=\"161\">Personal Auxiliar<\/td>\n<td width=\"129\">Noche<\/td>\n<td width=\"152\">Cat. 15<\/td>\n<\/tr>\n<tr>\n<td width=\"161\">Mentz, Claudia del Valle<\/td>\n<td width=\"161\">Ayudante de Secretaria<\/td>\n<td width=\"129\">Noche<\/td>\n<td width=\"152\">Titular<\/td>\n<\/tr>\n<tr>\n<td width=\"161\">Roldan, Marina Beatriz<\/td>\n<td width=\"161\">Ayudante de Secretar\u00eda<\/td>\n<td width=\"129\">Noche<\/td>\n<td width=\"152\">Cambio de Funci\u00f3n<\/td>\n<\/tr>\n<tr>\n<td width=\"161\">Ruiz, Julio Cesar<\/td>\n<td width=\"161\">Preceptor<\/td>\n<td width=\"129\">Noche<\/td>\n<td width=\"152\">Interino<\/td>\n<\/tr>\n<tr>\n<td width=\"161\">Sagues, Marta Estela<\/td>\n<td width=\"161\">Personal Auxiliar<\/td>\n<td width=\"129\">Noche<\/td>\n<td width=\"152\">Cat. 15- Cambio de funci\u00f3n.<\/td>\n<\/tr>\n<tr>\n<td width=\"161\">V\u00e1zquez, Adina Alodia<\/td>\n<td width=\"161\">Ayudante de Secretaria<\/td>\n<td width=\"129\">Noche<\/td>\n<td width=\"152\">Adscripta D.E.S. y A.<\/td>\n<\/tr>\n<tr>\n<td width=\"161\">Villagra, F\u00e1tima Liliana<\/td>\n<td width=\"161\">Bibliotecaria<\/td>\n<td width=\"129\">Noche<\/td>\n<td width=\"152\">Interina<\/td>\n<\/tr>\n<\/tbody>\n<\/table>\n<p>&nbsp;<\/p>\n<p style=\"text-align: center;\">\n<p style=\"text-align: center;\">\n<p style=\"text-align: center;\"><span style=\"font-size: 7.5pt; font-family: Verdana;\"><span class=\"Titulo1\"><span style=\"font-size: 12pt;\"><span style=\"color: #008000;\">\u00a0<\/span><\/span><\/span><\/span><\/p>\n<p class=\"Titulo1\" style=\"text-align: center;\">\n<p style=\"text-align: center;\">\n<p style=\"text-align: center;\">\n<p style=\"text-align: center;\">\n<p style=\"text-align: center;\"><span style=\"color: black; font-family: Verdana;\"><span style=\"font-size: 12pt;\"><span class=\"Titulo1\"><span style=\"font-size: 12pt;\"><span style=\"color: #008000;\">\u00a0<\/span><\/span><\/span><\/span><\/span><\/p>\n<p style=\"text-align: center;\">\n","protected":false},"excerpt":{"rendered":"<p>PERSONAL ADMINISTRATIVO Y AUXILIAR\u00a0 Apellido y Nombre Cargo Turno Situaci\u00f3n &nbsp; Baz\u00e1n, Mar\u00eda Raquel Ayudante Trabajos Practico \u2013 Inform\u00e1tica &nbsp; Noche Interina- Adscripta Direcci\u00f3n de Asistencia Pedag\u00f3gica &nbsp; Fiad, Alejandro\u00a0 David &nbsp; Ayudante de Trabajos Practico \u2013 Inform\u00e1tica &nbsp; Noche &nbsp; Suplente Correa, Mirta Beatriz Preceptora Noche Interina. Lic Art. 10 C Nieva, Leonor Preceptora &#8230; <a title=\"Personal Administrativo\" class=\"read-more\" href=\"https:\/\/iesm-tuc.infd.edu.ar\/sitio\/personal-administrativo\/\" aria-label=\"More on Personal Administrativo\">[+]<\/a><\/p>\n","protected":false},"author":147,"featured_media":0,"parent":0,"menu_order":0,"comment_status":"closed","ping_status":"closed","template":"","meta":[],"acf":[],"_links":{"self":[{"href":"https:\/\/iesm-tuc.infd.edu.ar\/sitio\/wp-json\/wp\/v2\/pages\/801"}],"collection":[{"href":"https:\/\/iesm-tuc.infd.edu.ar\/sitio\/wp-json\/wp\/v2\/pages"}],"about":[{"href":"https:\/\/iesm-tuc.infd.edu.ar\/sitio\/wp-json\/wp\/v2\/types\/page"}],"author":[{"embeddable":true,"href":"https:\/\/iesm-tuc.infd.edu.ar\/sitio\/wp-json\/wp\/v2\/users\/147"}],"replies":[{"embeddable":true,"href":"https:\/\/iesm-tuc.infd.edu.ar\/sitio\/wp-json\/wp\/v2\/comments?post=801"}],"version-history":[{"count":2,"href":"https:\/\/iesm-tuc.infd.edu.ar\/sitio\/wp-json\/wp\/v2\/pages\/801\/revisions"}],"predecessor-version":[{"id":832,"href":"https:\/\/iesm-tuc.infd.edu.ar\/sitio\/wp-json\/wp\/v2\/pages\/801\/revisions\/832"}],"wp:attachment":[{"href":"https:\/\/iesm-tuc.infd.edu.ar\/sitio\/wp-json\/wp\/v2\/media?parent=801"}],"curies":[{"name":"wp","href":"https:\/\/api.w.org\/{rel}","templated":true}]}}