{"id":769,"date":"2021-11-24T12:10:36","date_gmt":"2021-11-24T15:10:36","guid":{"rendered":"https:\/\/iesm-tuc.infd.edu.ar\/sitio\/informacion-para-alumnos\/"},"modified":"2022-12-30T11:54:19","modified_gmt":"2022-12-30T14:54:19","slug":"informacion-para-alumnos","status":"publish","type":"page","link":"https:\/\/iesm-tuc.infd.edu.ar\/sitio\/informacion-para-alumnos\/","title":{"rendered":"Informaci\u00f3n para alumnos"},"content":{"rendered":"<h1 style=\"text-align: center;\">INGRESO 2023<\/h1>\n<p><em><strong><a href=\"https:\/\/iesm-tuc.infd.edu.ar\/sitio\/wp-content\/uploads\/2022\/12\/23-IES-Monteros-INGRESO-GEOGRAFIA.pdf\">IES-Monteros-Ingreso-Geograf\u00eda-2023<\/a><\/strong><\/em><\/p>\n<p><a href=\"https:\/\/iesm-tuc.infd.edu.ar\/sitio\/wp-content\/uploads\/2022\/12\/IES-Monteros-INGRESO-MATEMATICA-2023.pdf\"><em><strong>IES Monteros &#8211; INGRESO MATEMATICA-2023<\/strong><\/em><\/a><\/p>\n<h1 style=\"text-align: center;\">INSCRIPCIONES 2022<\/h1>\n<p><a href=\"https:\/\/iesm-tuc.infd.edu.ar\/sitio\/wp-content\/uploads\/2021\/03\/IES-Inscripci\u00f3n-234-2021.pdf\">IES Inscripci\u00f3n 2,3,4, 2021<\/a><\/p>\n<h1 style=\"text-align: center;\">TITULOS Y CONSTANCIAS 2021<\/h1>\n<p><a href=\"https:\/\/iesm-tuc.infd.edu.ar\/sitio\/wp-content\/uploads\/2021\/03\/2021-titulos-y-constancias.pdf\">2021 &#8211; titulos y constancias<\/a><\/p>\n<h1 style=\"text-align: center;\">EXAMENES FEBRERO MARZO 2021<\/h1>\n<p><a href=\"https:\/\/iesm-tuc.infd.edu.ar\/sitio\/wp-content\/uploads\/2021\/03\/geograf\u00eda-1\u00ba-llamado-marzo-20213978.pdf\">geograf\u00eda &#8211; 1\u00ba llamado &#8211; marzo 2021[3978]<\/a><\/p>\n<p><a href=\"https:\/\/iesm-tuc.infd.edu.ar\/sitio\/wp-content\/uploads\/2021\/03\/matematica-turno-noche-1\u00ba-llamado-marzo-2021.pdf\">matematica &#8211; turno noche &#8211; 1\u00ba llamado &#8211; marzo 2021<\/a><\/p>\n<p><a href=\"https:\/\/iesm-tuc.infd.edu.ar\/sitio\/wp-content\/uploads\/2021\/03\/matematica-turno-noche-2\u00ba-llamado-marzo-2021.pdf\">matematica &#8211; turno noche &#8211; 2\u00ba llamado &#8211; marzo 2021<\/a><\/p>\n<p><a href=\"https:\/\/iesm-tuc.infd.edu.ar\/sitio\/wp-content\/uploads\/2021\/03\/matematica-turno-tarde-1\u00ba-llamado-marzo-2021-1.pdf\">matematica &#8211; turno tarde &#8211; 1\u00ba llamado &#8211; marzo 2021 <\/a><\/p>\n<p><a href=\"https:\/\/iesm-tuc.infd.edu.ar\/sitio\/wp-content\/uploads\/2021\/03\/matematica-turno-tarde-2\u00ba-llamado-marzo-2021.pdf\">matematica &#8211; turno tarde &#8211; 2\u00ba llamado &#8211; marzo 2021<\/a><\/p>\n<h3><\/h3>\n<h3><\/h3>\n<h3><\/h3>\n<h1><strong>Ex\u00e1menes Noviembre &#8211; Diciembre 2020<\/strong><\/h1>\n<p><strong><a href=\"https:\/\/drive.google.com\/file\/d\/17rxBqPTsGacsmsz4PtKw5h0h1M14wGBy\/view?usp=sharing\">Normativa Cursada 2020<\/a><\/strong><\/p>\n<p><strong><a href=\"https:\/\/drive.google.com\/file\/d\/183B_P0z54Ah5BOgIsAoC5-eA9bZJEmyT\/view?usp=sharing\">listado de alumnos 1\u00b0 llamado plan viejo<\/a><\/strong><\/p>\n<p><strong><a href=\"https:\/\/drive.google.com\/file\/d\/189Sw9yTUOKy2eZXRisUoRFdokImWnx9h\/view?usp=sharing\">Listado de alumnos 1\u00b0 llamado plan nuevo<\/a><\/strong><\/p>\n<p><a href=\"https:\/\/drive.google.com\/file\/d\/11ueVU2wQAaUm5LYC5V9Yn5vQdWHPrKaC\/view?usp=sharing\"><b>Primer llamado &#8211; Geograf\u00eda\u00a0&#8211; Turno Noche<\/b><\/a><b><\/b><\/p>\n<p><strong><a href=\"https:\/\/drive.google.com\/file\/d\/125uwkbru8zQYf6ZHB55BGUtgFHRdw84q\/view?usp=sharing\">Segundo llamado &#8211; Geograf\u00eda &#8211; Turno Noche<\/a><\/strong><\/p>\n<p><strong><a href=\"https:\/\/drive.google.com\/file\/d\/1-9RWM-FrGVW-mUvKj0syVkA4Itjlg1EB\/view?usp=sharing\">Primer llamado: Matem\u00e1tica &#8211; Turno Noche<\/a><\/strong><\/p>\n<p><strong><a href=\"https:\/\/drive.google.com\/file\/d\/11wLD0m25BT0YADdBLHDlG56q4jGzHVW7\/view?usp=sharing\">Primer llamado: Matem\u00e1tica &#8211; Turno Tarde<\/a><\/strong><\/p>\n<p><strong><a href=\"https:\/\/drive.google.com\/file\/d\/1-rt6PAFuiBdMeoG8rZDkLM85txZYJCcC\/view?usp=sharing\">Segundo llamado: Matem\u00e1tica Turno Noche<\/a><\/strong><\/p>\n<p><strong><a href=\"https:\/\/drive.google.com\/file\/d\/12-9CnSttjBM9NZ5c3D4jVpm-DnHMuZJE\/view?usp=sharing\">Segundo llamado: Matem\u00e1tica &#8211; Turno Tarde<\/a><\/strong><\/p>\n<h2><span style=\"color: #800080;\">MESA DE EXAMEN &#8211; NOVIEMBRE &#8211; DICIEMBRE 2020<\/span><\/h2>\n<h3>Buenas tardes, atentos a lo informado por Direcci\u00f3n de Nivel Superior y Art\u00edstica, les compartimos el cronograma de fechas de inscripci\u00f3n, exposici\u00f3n y realizaci\u00f3n de las mismas:<\/h3>\n<p><a href=\"https:\/\/iesm-tuc.infd.edu.ar\/sitio\/wp-content\/uploads\/2020\/10\/examenes-noviembre-diciembre-2020.docx\">examenes noviembre diciembre 2020<\/a><\/p>\n<p><a href=\"https:\/\/iesm-tuc.infd.edu.ar\/sitio\/wp-content\/uploads\/2020\/10\/solicitud-examenes-noviembre-diciembre-2020.docx\">solicitud examenes noviembre &#8211; diciembre 2020<\/a><\/p>\n<p><a href=\"https:\/\/iesm-tuc.infd.edu.ar\/sitio\/wp-content\/uploads\/2020\/10\/Trayectoria-geografia-examenes-noviembre-diciembre-2020.docx\">Trayectoria geografia &#8211; examenes noviembre-diciembre 2020<\/a><\/p>\n<p><a href=\"https:\/\/iesm-tuc.infd.edu.ar\/sitio\/wp-content\/uploads\/2020\/10\/Trayectoria-matematica-examenes-noviembrediciembre-2020.docx\">Trayectoria matematica &#8211; examenes noviembrediciembre 2020<\/a><\/p>\n<hr \/>\n<h2 style=\"text-align: center;\"><span style=\"color: #0000ff;\">MESA DE EXAMEN &#8211; OCTUBRE 2020<\/span><\/h2>\n<p>Buenas tardes, atentos a lo informado por Direcci\u00f3n de Nivel Superior y Art\u00edstica, les compartimos el cronograma de fechas de inscripci\u00f3n, exposici\u00f3n y realizaci\u00f3n de las mismas:<\/p>\n<ul>\n<li>FECHA DE INSCRIPCI\u00d3N PARA RENDIR: MARTES 13 Y MIERCOLES 14 DE OCTUBRE DE 2020<\/li>\n<li>COMPLETAR LA FICHA DE SOLICITUD DE INSCRIPCION:\u00a0<a href=\"https:\/\/iesm-tuc.infd.edu.ar\/sitio\/wp-content\/uploads\/2020\/10\/SOLICITUD-EXAMENES-OCTUBRE-2020.docx\">SOLICITUD EXAMENES OCTUBRE 2020\u00a0<\/a><\/li>\n<\/ul>\n<p>Y LUEGO ENVIARLA AL CORREO INDICADO, SEG\u00daN LO INDICADO EN LA MISMA.<\/p>\n<ul>\n<li>EXPOSICI\u00d3N DE LAS MESAS DE EXAMENES : 16 DE OCTUBRE DE 2020\u00a0<a href=\"https:\/\/iesm-tuc.infd.edu.ar\/sitio\/wp-content\/uploads\/2020\/10\/Examenes-Geografia-OCTUBRE-2020.docx\">Examenes Geografia OCTUBRE 2020<\/a> <a href=\"https:\/\/iesm-tuc.infd.edu.ar\/sitio\/wp-content\/uploads\/2020\/10\/Examenes-OCT-MATEMATICA.xlsx\">Examenes OCT MATEMATICA<\/a><\/li>\n<li><strong>TURNO DE EXAMEN : DEL 19 AL 23 DE OCTUBRE 2020.\u00a0<\/strong><\/li>\n<\/ul>\n<p>&#8212;&#8212;&#8212;&#8212;&#8212;&#8212;&#8212;&#8212;&#8212;&#8212;&#8212;&#8212;&#8212;&#8212;&#8212;&#8212;&#8212;&#8212;&#8212;&#8212;&#8212;&#8212;&#8212;&#8212;&#8212;&#8212;&#8212;&#8212;&#8212;&#8212;&#8212;&#8212;&#8212;&#8212;&#8212;&#8212;&#8212;&#8212;&#8212;&#8212;&#8212;&#8212;&#8212;&#8212;&#8212;&#8211;<\/p>\n<h2><\/h2>\n<h2><\/h2>\n<h2><\/h2>\n<h2><\/h2>\n<h2 style=\"text-align: center;\"><span style=\"color: #008000;\">MESA DE EXAMEN &#8211; SEPTIEMBRE 2020<\/span><\/h2>\n<h2>Buenas noches, atento a lo informado en la reuni\u00f3n on line que tuvimos con los alumnos y docentes, les compartimos los cronogramas, por carrera, de las materias a rendir y el protocolo a seguir. Saludos cordiales:<\/h2>\n<h2><\/h2>\n<h2 style=\"text-align: center;\"><span style=\"color: #0000ff;\"><strong>INSTITUTO DE ENSE\u00d1ANZA SUPERIOR &#8211; MONTEROS<\/strong><\/span><\/h2>\n<p>Fecha: Viernes 04 de Septiembre de 2020<\/p>\n<p>Ex\u00e1menes Virtuales: 07 al 18 de Septiembre<\/p>\n<p style=\"text-align: center;\"><span style=\"color: #0000ff;\"><strong><u>Protocolo Institucional para la realizaci\u00f3n de los Ex\u00e1menes Virtuales:<\/u><\/strong><\/span><\/p>\n<p><strong><u><br \/>\n<\/u><\/strong>\u00a0\u00a0\u00a0\u00a0\u00a0\u00a0\u00a0 &#8211; Personal involucrado:<\/p>\n<p>Docentes: 1 Presidente y\u00a0 2\u00a0 Vocales \u2013 1 Vocal suplente<\/p>\n<p>1 \u00a0Administrativo responsable<\/p>\n<p>Alumnos.<\/p>\n<ul>\n<li>Todos los participantes de la mesa examinadora, docentes integrantes del tribunal, responsable administrativo y alumnos deben conocer y acatar los lineamientos establecidos en la resoluci\u00f3n N\u00ba 0073\/5(SGE).<\/li>\n<li>La mesa estar\u00e1 conformada cuando los tres docentes integrantes del tribunal, el responsable administrativo y los alumnos est\u00e9n conectados.<\/li>\n<li>El Presidente tiene la responsabilidad de generar el link de enlace de la video conferencia, utilizando la plataforma que crea conveniente. Deber\u00e1 enviar este link a los profesores vocales, al administrativo responsable, a los alumnos y a la Direcci\u00f3n del IES \u2013 Monteros; con una anticipaci\u00f3n m\u00ednima de 30 minutos.<\/li>\n<li>El profesor que haya sido notificado en car\u00e1cter de suplente, deber\u00e1 estar en contacto con el responsable administrativo, qui\u00e9n le informar\u00e1 si deber\u00e1 participar de la mesa examinadora, o queda desafectado.<\/li>\n<li>El alumno deber\u00e1 cumplir con las condiciones de conectividad y de equipamiento tecnol\u00f3gico necesarios para poder rendir en el examen final: contar con conexi\u00f3n a internet y dispositivos como PC de escritorio, notebook, celular, tablet o similar; con c\u00e1mara, audio y micr\u00f3fono.<\/li>\n<li>El espacio en el que el estudiante desarrolla el examen deber\u00e1 mantenerse libre de papeles, objetos o dispositivos no requeridos por el docente para el desarrollo del examen.<\/li>\n<li>En el caso de que el alumno no se conecte a la videoconferencia programada para el examen el d\u00eda y el horario asignado; se consignar\u00e1 ausente en el acta de examen. Y perder\u00e1 la posibilidad de inscribirse en el llamado de examen inmediato posterior; seg\u00fan lo establecido en el Reglamento Acuerdo Marco.<\/li>\n<li>Mientras dure el examen, el estudiante no podr\u00e1 levantarse, ni retirarse de su asiento.<\/li>\n<li>Si la conexi\u00f3n fallare dos o m\u00e1s veces, tanto al estudiante como a dos miembros del tribunal, la instancia evaluativa se suspender\u00e1 y se reprogramar\u00e1 para nueva fecha, v\u00eda consulta a la Direcci\u00f3n.<\/li>\n<li>Para dar inicio formal a la mesa examinadora, el responsable administrativo realizar\u00e1 la lectura en voz alta del acta de inicio, en la cual se deja constancia de la fecha, la hora, el espacio curricular, los docentes presentes, el personal administrativo presente, los alumnos presentes\/ausentes.<\/li>\n<li>La Directora estar\u00e1 presente en las mesas de acuerdo a disponibilidad de su agenda.<\/li>\n<li>Posterior a la lectura del acta de inicio, los alumnos mostrar\u00e1n sus D.N.I. a la c\u00e1mara, y el administrativo responsable deber\u00e1 realizar captura de pantalla de la identificaci\u00f3n de los alumnos.<\/li>\n<li>A continuaci\u00f3n los docentes proceder\u00e1n a evaluar a los alumnos presentes.<\/li>\n<li>El examen puede ser oral o escrito, a consideraci\u00f3n del tribunal examinador.<\/li>\n<li>Oral: El docente interroga a los alumnos en forma individual o en pareja. El resto de los alumnos deben permanecer fuera de la pantalla.<\/li>\n<li>Escrito: El tribunal env\u00eda al correo de los alumnos el temario. Los alumnos desarrollan el temario dentro del tiempo establecido por el tribunal. Al finalizar el tiempo establecido, los alumnos muestran a la c\u00e1mara la producci\u00f3n realizada y se realiza una captura de pantalla de dichos escritos. Luego el alumno debe enviar la evaluaci\u00f3n que realiz\u00f3 al correo del presidente de la mesa.<\/li>\n<li>Para la correcci\u00f3n de los ex\u00e1menes escritos, el tribunal tiene un plazo de 48 horas. Corregida la evaluaci\u00f3n, el presidente debe informar al responsable administrativo.<\/li>\n<li>En caso de alumnos libres, el docente debe enviar a los alumnos con 72 horas de anticipaci\u00f3n, un trabajo a desarrollar (trabajo pr\u00e1ctico, narrativa pedag\u00f3gica, buceo bibliogr\u00e1fico, monograf\u00eda, cuadro sin\u00f3ptico, etc\u2026). El alumno debe presentarse a la mesa con el trabajo solicitado por el docente titular de la materia. Si es trabajo es aprobado, contin\u00faa su examen oral. Si el trabajo es desaprobado, se consignar\u00e1 en el acta volante la nota y no podr\u00e1 continuar con la instancia de oralidad.<\/li>\n<li>Una vez finalizada la evaluaci\u00f3n a los alumnos, oral, escrita u oral y escrita, el tribunal acordar\u00e1 la nota que se le asignar\u00e1 a cada alumno e informar\u00e1 al responsable administrativo. El responsable administrativo consignar\u00e1 las notas en el Acta Volante<\/li>\n<li>Para finalizar la mesa, el responsable administrativo dar\u00e1 lectura en voz alta al Acta Volante, dando as\u00ed finalizada la mesa de examen.<\/li>\n<li>El comienzo de la mesa con la lectura del acta de Inicio y el final con la lectura del Acta Volante, deben ser grabados. Quedando a consideraci\u00f3n del tribunal qui\u00e9n realizar\u00e1 esta tarea.<\/li>\n<li>El responsable administrativo deber\u00e1 enviar el Acta Volante escaneada a los correo electr\u00f3nicos de los alumnos, como notificaci\u00f3n formal del resultado del examen.<\/li>\n<li>Toda la documentaci\u00f3n respaldatoria del examen deber\u00e1 ser enviada a la siguiente direcci\u00f3n de correo:<\/li>\n<\/ul>\n<p><a href=\"mailto:examenesvirtulesies2020@gmail.com\">examenesvirtulesies2020@gmail.com<\/a><\/p>\n<p style=\"text-align: center;\"><span style=\"color: #0000ff;\"><strong><u>Protocolo de recepci\u00f3n de documentaci\u00f3n para ex\u00e1menes virtuales por mail.<\/u><\/strong><\/span><\/p>\n<ul>\n<li>Asunto: nombre del espacio curricular \u2013 curso \u2013 profesorado<\/li>\n<\/ul>\n<p>Sujeto de la Educaci\u00f3n Secundaria \u2013 2\u00ba A\u00f1o \u2013 Matem\u00e1tica<\/p>\n<ul>\n<li>En el cuerpo del correo:<\/li>\n<li>Fecha del examen<\/li>\n<li>Nombre del espacio curricular \u2013 Curso \u2013 Carrera<\/li>\n<li>Apellido y nombre profesores.<\/li>\n<li>Administrativo a cargo:<\/li>\n<li>Apellido y nombre de alumnos (cada alumno con N\u00b0D.N.I.)<\/li>\n<\/ul>\n<ul>\n<li>Como archivo adjunto en PDF \u2013 Un S\u00f3lo archivo<\/li>\n<\/ul>\n<p>1-acta volante de inici\u00f3 de mesa.<\/p>\n<p>2-acta volante de examen.<\/p>\n<p>3-foto de D.N.I.\u00a0 de los alumnos\/as.<\/p>\n<p>4- Copia temario en caso de examen escrito.<\/p>\n<p>5- Trabajo presentado por los alumnos en caso de examen libre.<\/p>\n<p>6- Desarrollo de los\u00a0 ex\u00e1menes escritos por parte de los alumnos<\/p>\n<p>7 \u2013 Fotos del desarrollo del examen.<\/p>\n<ul>\n<li>Grabaci\u00f3n lectura de Acta de Inicio y Acta Volante (audio: m4a, wav, mp3. wma. o video: mp4, wmv, avi)<\/li>\n<\/ul>\n<p><span style=\"color: #008000;\">CRONOGRAMA DE EXAMEN PARA RENDIR MATEMATICA- TURNO TARDE<\/span><\/p>\n<p><a href=\"https:\/\/iesm-tuc.infd.edu.ar\/sitio\/wp-content\/uploads\/2020\/09\/2020-examen-septiembre-matematica-tarde.pdf\">2020 &#8211; examen septiembre matematica tarde<\/a><\/p>\n<p><span style=\"color: #008000;\">INSCRIPTOS PARA RENDIR &#8211; MATEMATICA &#8211; TURNO NOCHE &#8211; PLAN NUEVO<\/span><\/p>\n<p><a href=\"https:\/\/iesm-tuc.infd.edu.ar\/sitio\/wp-content\/uploads\/2020\/09\/2020-Inscriptos-Matematicas-Turno-Noche-Plan-Nuevo.pdf\">2020 &#8211; Inscriptos Matematicas Turno Noche- Plan Nuevo<\/a><\/p>\n<p><span style=\"color: #008000;\">INSCRIPTOS PARA RENDIR &#8211; MATEMATICA &#8211; TURNO NOCHE &#8211; RESIDUAL<\/span><\/p>\n<p><a href=\"https:\/\/iesm-tuc.infd.edu.ar\/sitio\/wp-content\/uploads\/2020\/09\/2020-Inscriptos-Matematicas-Turno-Noche-Residual.pdf\">2020 Inscriptos Matematicas Turno Noche Residual<\/a><\/p>\n<p><strong><span style=\"color: #339966;\">CRONOGRAMA DE EXAMEN PARA RENDIR MATEMATICA &#8211; TURNO NOCHE<\/span><\/strong><\/p>\n<p><a href=\"https:\/\/iesm-tuc.infd.edu.ar\/sitio\/wp-content\/uploads\/2020\/09\/EXAMENES-SEPTIEMBRE-MATEMATICA-NOCHE.pdf\">EXAMENES-SEPTIEMBRE &#8211; MATEMATICA NOCHE<\/a><\/p>\n<p><span style=\"color: #008000;\">CRONOGRAMA DE EXAMEN PARA RENDIR\u00a0 GEOGRAFIA &#8211; TURNO NOCHE<\/span><\/p>\n<p><a href=\"https:\/\/iesm-tuc.infd.edu.ar\/sitio\/wp-content\/uploads\/2020\/09\/2020-Examen-Septiembre-Geografia.pdf\">2020 &#8211; Examen &#8211; Septiembre Geografia<\/a><\/p>\n<p style=\"text-align: center;\">&#8211; &#8211; &#8211; &#8211; &#8212; &#8211; &#8211; &#8211; &#8211; &#8211; &#8211; &#8211; &#8211; &#8211; &#8211; &#8211; &#8211; &#8211; &#8211; &#8211; &#8211; &#8211; &#8211; &#8211; &#8211; &#8211; &#8211; &#8211; &#8211; &#8211; &#8211; &#8211; &#8211; &#8211; &#8211; &#8211; &#8211; &#8211; &#8211; &#8211; &#8211; &#8211; &#8211; &#8211; &#8211; &#8211; &#8211; &#8211; &#8211; &#8211; &#8211; &#8211; &#8211; &#8211; &#8211; &#8211; &#8211; &#8211; &#8211; &#8211; &#8211; &#8211; &#8211; &#8211; &#8211; &#8211; &#8211;<\/p>\n<h2 style=\"text-align: center;\"><strong><span style=\"color: #800080;\">RELEVAMIENTO PARA EL CURSADO DE PRACTICAS PROFESIONALES II, III Y IV<\/span><\/strong><\/h2>\n<p>Los profesores referentes de cada uno de los espacios curriculares mencionados solicitamos que, por favor, completen la ficha de relevamiento respectiva a la carrera que cursan. Saludos cordiales.\u00a0<a href=\"https:\/\/iesm-tuc.infd.edu.ar\/sitio\/wp-content\/uploads\/2020\/04\/FICHA-Practica-MATEMATICA.docx\">FICHA Practica MATEMATICA<\/a> <a href=\"https:\/\/iesm-tuc.infd.edu.ar\/sitio\/wp-content\/uploads\/2020\/04\/FICHA-Practica-GEOGRAFIA.docx\">FICHA Practica GEOGRAFIA<\/a><\/p>\n<h2 style=\"text-align: center;\"><span style=\"color: #0000ff;\"><strong>BECAS PROGRESAR 2020<\/strong><\/span><\/h2>\n<p style=\"text-align: center;\">MENSAJE DE LA DIRECCI\u00d3N DE NIVEL SUPERIOR Y ART\u00cdSTICA &#8211; MINISTERIO DE EDUCACI\u00d3N DE LA PROVINCIA DE TUCUM\u00c1N<\/p>\n<p dir=\"ltr\"><span style=\"font-family: arial,sans-serif;\"><b>Este link deber\u00e1 llegar a todos los estudiantes de sus instituciones, de manera que ellos mismos puedan completar la carga de sus datos acad\u00e9micos. <\/b>Para este fin le solicitamos al Equipo Directivo una \u00f3ptima difusi\u00f3n en la p\u00e1gina web del IES y entre los grupos de WhatsApp de los estudiantes de las distintas carreras y cursos. <b>El link estar\u00e1 disponible para la carga hasta el d\u00eda mi\u00e9rcoles 29 de Abril inclusive<\/b>, hasta las 23.59 horas.<\/span><\/p>\n<p dir=\"ltr\"><span style=\"font-family: arial,sans-serif;\">La informaci\u00f3n obtenida, ser\u00e1 enviada a cada IES para que el Equipo Directivo y sus colaboradores puedan completar esta \u00faltima etapa de certificaci\u00f3n de Becas PROGRESAR.<\/span><\/p>\n<p dir=\"ltr\"><span style=\"font-family: arial,sans-serif;\">Adjuntamos enlace al que deben acceder los Estudiantes: <a id=\"LPlnk559647\" href=\"https:\/\/des-tuc.infd.edu.ar\/sitio\/politicas-estudiantiles-y-becas\/\" target=\"_blank\" rel=\"noopener noreferrer\" data-auth=\"NotApplicable\">https:\/\/des-tuc.infd.edu.ar\/sitio\/politicas-estudiantiles-y-becas\/<\/a><\/span><\/p>\n<div id=\"LPBorder_GTaHR0cHM6Ly9kZXMtdHVjLmluZmQuZWR1LmFyL3NpdGlvL3BvbGl0aWNhcy1lc3R1ZGlhbnRpbGVzLXktYmVjYXMv\" class=\"LPBorder220382\" contenteditable=\"false\">\n<table id=\"LPContainer220382\" role=\"presentation\">\n<tbody>\n<tr valign=\"top\">\n<td>\n<div id=\"LPTitle220382\"><a id=\"LPUrlAnchor220382\" href=\"https:\/\/des-tuc.infd.edu.ar\/sitio\/politicas-estudiantiles-y-becas\/\" target=\"_blank\" rel=\"noopener\">Pol\u00edticas Estudiantiles y Becas \u2013 Direcci\u00f3n de Educaci\u00f3n Superior y Art\u00edstica \u2013 Ministerio de Educaci\u00f3n<\/a><\/div>\n<div id=\"LPDescription220382\">Entradas recientes. La DESyA puso a disposici\u00f3n un Link en donde los estudiantes del Nivel Superior encontrar\u00e1n las actividades por materia; Conectate a la Escuela cuenta con material \u00fatil para los estudiantes del Nivel Superior<\/div>\n<div id=\"LPMetadata220382\">des-tuc.infd.edu.ar<\/div>\n<\/td>\n<\/tr>\n<\/tbody>\n<\/table>\n<\/div>\n<p style=\"text-align: center;\"><strong>CICLO LECTIVO 2020<\/strong><\/p>\n<p style=\"text-align: center;\"><strong>INSTITUTO DE ENSE\u00d1ANZA SUPERIOR MONTEROS &#8211; TUCUM\u00c1N<\/strong><\/p>\n<p>En consideraci\u00f3n a las medidas ordenadas\u00a0 por el Gobierno Nacional y el Provincial, y seg\u00fan indicaciones de la Direcci\u00f3n de Educaci\u00f3n Superior y Art\u00edstica <strong>se suspende<\/strong> durante\u00a0 el per\u00edodo comprendido entre el 16 al 31 de Marzo de 2020 las clases presenciales en ambos turnos y ambos profesorados.<\/p>\n<p>El Instituto de Ense\u00f1anza Superior \u2013 Monteros garantizar\u00e1 la continuidad de la ense\u00f1anza mediante la utilizaci\u00f3n de la Plataforma del Ministerio de Educaci\u00f3n de la Provincia:<\/p>\n<p><a href=\"http:\/\/conectate.educaiontuc.gov.ar\/\">http:\/\/conectate.educaiontuc.gov.ar\/<\/a><\/p>\n<p>Se design\u00f3\u00a0 como Referente Digital Institucional al Prof. Marcelo Aciar.<\/p>\n<p>Tambi\u00e9n se designaron tutores\/coordinadores para cada uno de los cursos y carreras:<\/p>\n<p>1\u00ba Matem\u00e1tica \u2013 TT: Prof. \u00a0Carabajal Lorena<\/p>\n<p>2\u00ba Matem\u00e1tica \u2013 TT: Prof. Saracho Noelia<\/p>\n<p>3\u00ba Matem\u00e1tica \u2013 TT: Prof. D\u00edaz Natalia<\/p>\n<p>1\u00ba Matem\u00e1tica \u2013 TN: Prof. Ar\u00e1oz Ana<\/p>\n<p>2\u00ba Matem\u00e1tica \u2013 TN: Prof. Ortiz Sebasti\u00e1n<\/p>\n<p>3\u00ba Matem\u00e1tica \u2013 TN: Prof. Chavez Ivanna<\/p>\n<p>4\u00ba Matem\u00e1tica \u2013 TN: Prof. Risso Patr\u00f3n Guadalupe<\/p>\n<p>1\u00ba Geograf\u00eda \u2013 TN: Prof. Morales Silvana<\/p>\n<p>2\u00ba Geograf\u00eda \u2013 TN: Prof. Jaime Rosana<\/p>\n<p>3\u00ba Geograf\u00eda \u2013 TN: Prof. Ibarra Nancy<\/p>\n<p>4\u00ba Geograf\u00eda \u2013 TN: Prof. Ovejero Graciela<\/p>\n<p><strong>A modo de protocolo seguiremos el siguiente camino para trabajar de manera conjunta:<\/strong><\/p>\n<p>&#8211; Los docentes responsables de cada espacio curricular elevan al Coordinador del Curso la propuesta de trabajo virtual para ser desarrollada hasta el 31 de Marzo por los alumnos.<\/p>\n<p>&#8211;\u00a0 El tutor\/coordinador de cada curso, env\u00eda al Referente Digital Institucional el material de trabajo a la Direcci\u00f3n de Educaci\u00f3n Superior y Art\u00edstica, organismo encargado de subir \u00a0dicho material a la Plataforma del Ministerio de Educaci\u00f3n de la Provincia:<\/p>\n<p><a href=\"http:\/\/conectate.educaiontuc.gov.ar\/\">http:\/\/conectate.educaiontuc.gov.ar\/<\/a><\/p>\n<p>-Los alumnos, en forma individual; desarrollar\u00e1n las actividades propuestas de cada espacio y deber\u00e1n, hasta el 31 de marzo; enviar a la direcci\u00f3n de correo electr\u00f3nico de cada profesor (la direcci\u00f3n de correo electr\u00f3nico la encontraran en el encabezamiento de la clase).<\/p>\n<p>En caso de que las autoridades gubernamentales de la naci\u00f3n y\/o provincia indiquen continuar con la medida de cuarentena, la ense\u00f1anza continuar\u00e1 con la metodolog\u00eda digital.<\/p>\n<p>En estos momentos estamos abocados a la generaci\u00f3n de aulas virtuales en la plataforma del IES \u2013 Monteros cedida por el INFoD.\u00a0 Para ello el Centro de Estudiantes est\u00e1 solicitando los datos y el correo electr\u00f3nico de todos los alumnos de la instituci\u00f3n.<\/p>\n<p><strong>Integramos el equipo directivo:<\/strong><\/p>\n<p><em>Directora: Prof. Mirta Liliana Nieva<\/em><\/p>\n<p>Coordinador Profesorado de Educaci\u00f3n Secundaria en Geograf\u00eda: Prof. Pedro Ra\u00fal Valdez<\/p>\n<p>Coordinador Profesorado de Educaci\u00f3n Secundaria en Matem\u00e1tica: Prof. Claudia del Valle Pedraza<\/p>\n<p>Coordinador Profesorado de Educaci\u00f3n Secundaria en Matem\u00e1tica- TT: Prof. Mar\u00eda Victoria Castro<\/p>\n<p>Coordinadora de Pr\u00e1cticas: Prof. Mar\u00eda Rosario Herrera.<\/p>\n<p>Coordinador de TICS: Prof. Marcelo Fabio Catania<\/p>\n<p>Asesor Legal: Abogado Conrado Luis Fara<\/p>\n<p>Referente Digital Institucional: Prof. Marcelo Aciar<\/p>\n<ul>\n<li><strong>Estamos en conexi\u00f3n, por plataformas digitales, en forma diaria; analizando y tomando decisiones con el objetivo de brindar una ense\u00f1anza contin\u00faa con los docentes y los recursos necesarios.<\/strong><\/li>\n<\/ul>\n<p style=\"text-align: center;\">CICLO LECTIVO 2009<\/p>\n<p style=\"text-align: center;\"><span style=\"font-family: arial,helvetica,sans-serif;\"><span style=\"font-size: 10pt;\">\u00a0<strong>SISTEMA DE REVALIDA PARA RECURSANTES<\/strong><\/span><\/span><\/p>\n<p><span style=\"font-family: arial,helvetica,sans-serif;\"><span style=\"font-size: 10pt;\">El IES &#8211; Monteros ofrece, a\u00a0los alumnos recursantes que perdieron la regularidad en el mes de marzo del presente a\u00f1o, la posibilidad de extender la regularidad por tres mesas de ex\u00e1menes a trav\u00e9s del Sistema de R\u00e9valida.<\/span><\/span><\/p>\n<p><span style=\"font-size: 10pt; font-family: Arial;\">Dicho Sistema consiste en rendir un parcial integrador, sobre la base de los programas 2009, de caracter individual y escrito en el marco de las mesas de ex\u00e1menes del mes de mayo.<\/span><\/p>\n<p><span style=\"font-size: 10pt; font-family: Arial;\">Para optar por dicho sistema es preciso consultar en preceptor\u00eda los requisitos y fechas de inscripci\u00f3n para rendir el parcial integrador que les habilitar\u00eda la extensi\u00f3n de la regularidad.<\/span><\/p>\n","protected":false},"excerpt":{"rendered":"<p>INGRESO 2023 IES-Monteros-Ingreso-Geograf\u00eda-2023 IES Monteros &#8211; INGRESO MATEMATICA-2023 INSCRIPCIONES 2022 IES Inscripci\u00f3n 2,3,4, 2021 TITULOS Y CONSTANCIAS 2021 2021 &#8211; titulos y constancias EXAMENES FEBRERO MARZO 2021 geograf\u00eda &#8211; 1\u00ba llamado &#8211; marzo 2021[3978] matematica &#8211; turno noche &#8211; 1\u00ba llamado &#8211; marzo 2021 matematica &#8211; turno noche &#8211; 2\u00ba llamado &#8211; marzo 2021 matematica &#8230; <a title=\"Informaci\u00f3n para alumnos\" class=\"read-more\" href=\"https:\/\/iesm-tuc.infd.edu.ar\/sitio\/informacion-para-alumnos\/\" aria-label=\"More on Informaci\u00f3n para alumnos\">[+]<\/a><\/p>\n","protected":false},"author":167,"featured_media":0,"parent":0,"menu_order":0,"comment_status":"closed","ping_status":"closed","template":"","meta":[],"acf":[],"_links":{"self":[{"href":"https:\/\/iesm-tuc.infd.edu.ar\/sitio\/wp-json\/wp\/v2\/pages\/769"}],"collection":[{"href":"https:\/\/iesm-tuc.infd.edu.ar\/sitio\/wp-json\/wp\/v2\/pages"}],"about":[{"href":"https:\/\/iesm-tuc.infd.edu.ar\/sitio\/wp-json\/wp\/v2\/types\/page"}],"author":[{"embeddable":true,"href":"https:\/\/iesm-tuc.infd.edu.ar\/sitio\/wp-json\/wp\/v2\/users\/167"}],"replies":[{"embeddable":true,"href":"https:\/\/iesm-tuc.infd.edu.ar\/sitio\/wp-json\/wp\/v2\/comments?post=769"}],"version-history":[{"count":28,"href":"https:\/\/iesm-tuc.infd.edu.ar\/sitio\/wp-json\/wp\/v2\/pages\/769\/revisions"}],"predecessor-version":[{"id":1091,"href":"https:\/\/iesm-tuc.infd.edu.ar\/sitio\/wp-json\/wp\/v2\/pages\/769\/revisions\/1091"}],"wp:attachment":[{"href":"https:\/\/iesm-tuc.infd.edu.ar\/sitio\/wp-json\/wp\/v2\/media?parent=769"}],"curies":[{"name":"wp","href":"https:\/\/api.w.org\/{rel}","templated":true}]}}