{"id":767,"date":"2018-08-31T18:39:35","date_gmt":"2018-08-31T21:39:35","guid":{"rendered":"https:\/\/iesm-tuc.infd.edu.ar\/sitio\/profesorado-en-matematica\/"},"modified":"2021-05-11T20:27:21","modified_gmt":"2021-05-11T23:27:21","slug":"profesorado-en-matematica","status":"publish","type":"page","link":"https:\/\/iesm-tuc.infd.edu.ar\/sitio\/profesorado-en-matematica\/","title":{"rendered":"Profesorado de Educaci\u00f3n Secundaria en Matem\u00e1tica"},"content":{"rendered":"<p style=\"text-align: center;\"><strong>A\u00d1O ACAD\u00c9MICO 2020<\/strong><\/p>\n<p style=\"text-align: center;\"><strong>PROGRAMAS DE LAS MATERIAS &#8211; TURNO TARDE<\/strong><\/p>\n<p><strong><span style=\"color: #339966;\">PRIMER A\u00d1O<\/span><\/strong><\/p>\n<p>ELEMENTOS DE ARITMETICA Y ALGEBRA &#8211;\u00a0<a href=\"https:\/\/iesm-tuc.infd.edu.ar\/sitio\/wp-content\/uploads\/2020\/09\/1RO-ELEMENTOS-DE-ARITMETICA-Y-ALGEBRA-.pdf\">1RO ELEMENTOS DE ARITMETICA Y ALGEBRA<\/a><\/p>\n<p>MATEMATICA Y TIC &#8211;\u00a0<a href=\"https:\/\/iesm-tuc.infd.edu.ar\/sitio\/wp-content\/uploads\/2020\/09\/1RO-MATEMATICA-Y-TIC.pdf\">1RO MATEMATICA Y TIC<\/a><\/p>\n<p>PRACTICA PROFESIONAL I &#8211;\u00a0<a href=\"https:\/\/iesm-tuc.infd.edu.ar\/sitio\/wp-content\/uploads\/2020\/09\/1RO-PRACTICA-PROFESIONAL-I-.pdf\">1RO PRACTICA PROFESIONAL I<\/a><\/p>\n<p>LECTURA, ESCRITURA Y ORALIDAD &#8211;\u00a0<a href=\"https:\/\/iesm-tuc.infd.edu.ar\/sitio\/wp-content\/uploads\/2020\/09\/1RO-LECTURA-ESCRITURA-Y-ORALIDAD-1.pdf\">1RO LECTURA, ESCRITURA Y ORALIDAD<\/a><\/p>\n<p>PROBLEMATICA DE LA EDUCACI\u00d3N SECUNDARIA &#8212;\u00a0<a href=\"https:\/\/iesm-tuc.infd.edu.ar\/sitio\/wp-content\/uploads\/2020\/09\/1RO-PROBLEM\u00c1TICA-DE-LA-EDUCACION-SECUNDARIA.pdf\">1RO PROBLEM\u00c1TICA DE LA EDUCACION SECUNDARIA<\/a><\/p>\n<p>&nbsp;<\/p>\n<p><strong><span style=\"color: #339966;\">SEGUNDO A\u00d1O<\/span><\/strong><\/p>\n<p>HISTORIA Y POLITICA EDUCACIONAL\u00a0 ARGENTINA &#8211;\u00a0<a href=\"https:\/\/iesm-tuc.infd.edu.ar\/sitio\/wp-content\/uploads\/2020\/09\/2DO-HISTORIA-Y-POLITICA-EDUCACIONAL-EN-ARGENTINA.pdf\">2DO HISTORIA Y POLITICA EDUCACIONAL\u00a0 ARGENTINA<\/a><\/p>\n<p>ALGEBRA I &#8211;\u00a0<a href=\"https:\/\/iesm-tuc.infd.edu.ar\/sitio\/wp-content\/uploads\/2020\/09\/2DO-ALGEBRA-I.pdf\">2DO ALGEBRA I<\/a><\/p>\n<p>AN\u00c1LISIS MATEM\u00c1TICO I &#8211;\u00a0<a href=\"https:\/\/iesm-tuc.infd.edu.ar\/sitio\/wp-content\/uploads\/2020\/09\/2DO-ANALISIS-MATEMATICO-I-.pdf\">2DO ANALISIS MATEMATICO I<\/a><\/p>\n<p>DID\u00c1CTICA DE LA MATEM\u00c1TICA I &#8211;\u00a0<a href=\"https:\/\/iesm-tuc.infd.edu.ar\/sitio\/wp-content\/uploads\/2020\/09\/2DO-DIDACTICA-DE-LA-MATEMATICA-I.pdf\">2DO DIDACTICA DE LA MATEMATICA I<\/a><\/p>\n<p>EDI TRIGONOMETR\u00cdA &#8211;\u00a0<a href=\"https:\/\/iesm-tuc.infd.edu.ar\/sitio\/wp-content\/uploads\/2020\/09\/2DO-EDI-TRIGONOMETRIA-.pdf\">2DO EDI TRIGONOMETRIA<\/a><\/p>\n<p>GEOMETR\u00cdA II &#8211;\u00a0<a href=\"https:\/\/iesm-tuc.infd.edu.ar\/sitio\/wp-content\/uploads\/2020\/09\/2DO-GEOMETRIA-II.pdf\">2DO GEOMETRIA II<\/a><\/p>\n<p>PRACTICA PROFESIONAL II &#8211;\u00a0<a href=\"https:\/\/iesm-tuc.infd.edu.ar\/sitio\/wp-content\/uploads\/2020\/09\/2DO-PR\u00c1CTICA-PROFESIONAL-II.pdf\">2DO PR\u00c1CTICA PROFESIONAL II<\/a><\/p>\n<p>TECNOLOG\u00cdA DE LA INFORMACI\u00d3N Y DE LA COMUNICACI\u00d3N\u00a0 &#8211;\u00a0<a href=\"https:\/\/iesm-tuc.infd.edu.ar\/sitio\/wp-content\/uploads\/2020\/09\/2DO-TECNOLOGIA-DE-LA-INFORMACION-Y-DE-LA-COMUNICACION-.pdf\">2DO TECNOLOGIA DE LA INFORMACION Y DE LA COMUNICACION<\/a><\/p>\n<p>SOCIOLOGIA DE LA EDUCACION &#8211;\u00a0<a href=\"https:\/\/iesm-tuc.infd.edu.ar\/sitio\/wp-content\/uploads\/2020\/09\/2DO-SOCIOLOGIA-DE-LA-EDUCACION-1.pdf\">2DO SOCIOLOGIA DE LA EDUCACION<\/a><\/p>\n<p>&nbsp;<\/p>\n<p>&nbsp;<\/p>\n<p style=\"text-align: center;\"><strong>A\u00d1O ACAD\u00c9MICO 2020<\/strong><\/p>\n<p style=\"text-align: center;\"><strong>PROGRAMAS DE LAS MATERIAS &#8211; TURNO NOCHE<\/strong><\/p>\n<p><strong>PRIMER A\u00d1O<\/strong><\/p>\n<p>PEDAGOGIA &#8211;\u00a0<a href=\"https:\/\/iesm-tuc.infd.edu.ar\/sitio\/wp-content\/uploads\/2021\/05\/1RO-PEDAGOGIA.pdf\">1RO PEDAGOGIA<\/a><\/p>\n<p>PSICOLOGIA EDUCACIONAL &#8211;\u00a0<a href=\"https:\/\/iesm-tuc.infd.edu.ar\/sitio\/wp-content\/uploads\/2021\/05\/1RO-PSICOLOGIA-EDUCACIONAL.pdf\">1RO PSICOLOGIA EDUCACIONAL<\/a><\/p>\n<p>DID\u00c1CTICA GENERAL &#8211;\u00a0<a href=\"https:\/\/iesm-tuc.infd.edu.ar\/sitio\/wp-content\/uploads\/2021\/05\/1RO-DIDACTICA-GENERAL.pdf\">1RO DIDACTICA GENERAL<\/a><\/p>\n<p>GEOMETRIA I &#8211;\u00a0 \u00a0<a href=\"https:\/\/iesm-tuc.infd.edu.ar\/sitio\/wp-content\/uploads\/2021\/05\/1RO-GEOMETRIA-I-1.pdf\">1RO GEOMETRIA I<\/a><\/p>\n<p>&nbsp;<\/p>\n<p><strong>SEGUNDO A\u00d1O<\/strong><\/p>\n<p>&nbsp;<\/p>\n<p>TRIGONOMETR\u00cdA (EDI) &#8211;\u00a0<a href=\"https:\/\/iesm-tuc.infd.edu.ar\/sitio\/wp-content\/uploads\/2021\/05\/2DO-EDI-TRIGONOMETR\u00cdA.pdf\">2DO EDI TRIGONOMETR\u00cdA<\/a><\/p>\n<p>ALGEBRA I &#8211;\u00a0 <a href=\"https:\/\/iesm-tuc.infd.edu.ar\/sitio\/wp-content\/uploads\/2021\/05\/2DO-ALGEBRA-I-2020.pdf\">2DO ALGEBRA I &#8211; 2020<\/a><\/p>\n<p>AN\u00c1LISIS MATEM\u00c1TICO I\u00a0 &#8211;\u00a0 <a href=\"https:\/\/iesm-tuc.infd.edu.ar\/sitio\/wp-content\/uploads\/2021\/05\/2DO-ANALISIS-MATEMATICO-I-.pdf\">2DO ANALISIS MATEMATICO I<\/a><\/p>\n<p>DID\u00c1CTICA DE LA MATEM\u00c1TICA I &#8211;\u00a0 <a href=\"https:\/\/iesm-tuc.infd.edu.ar\/sitio\/wp-content\/uploads\/2021\/05\/2DO-DID\u00c1CTICA-DE-LA-MATEM\u00c1TICA-I.pdf\">2DO DID\u00c1CTICA DE LA MATEM\u00c1TICA I<\/a><\/p>\n<p>PRACTICA PROFESIONAL II &#8211;\u00a0 <a href=\"https:\/\/iesm-tuc.infd.edu.ar\/sitio\/wp-content\/uploads\/2021\/05\/2DO-PRACTICA-PROFESIONAL-II.pdf\">2DO PRACTICA PROFESIONAL II<\/a><\/p>\n<p>SOCIOLOG\u00cdA DE LA EDUCACI\u00d3N &#8211;\u00a0<a href=\"https:\/\/iesm-tuc.infd.edu.ar\/sitio\/wp-content\/uploads\/2021\/05\/2DO-SOCIOLOGIA-DE-LA-EDUCACION.pdf\">2DO SOCIOLOGIA DE LA EDUCACION<\/a><\/p>\n<p>TECNOLOG\u00cdA DE LA INFORMACI\u00d3N Y DE LA COMUNICACI\u00d3N &#8211;\u00a0<a href=\"https:\/\/iesm-tuc.infd.edu.ar\/sitio\/wp-content\/uploads\/2021\/05\/2DO-TECNOLOGIA-DE-LA-INFORMACION-Y-DE-LA-COMUNICACION-.pdf\">2DO TECNOLOGIA DE LA INFORMACION Y DE LA COMUNICACION<\/a><\/p>\n<p>&nbsp;<\/p>\n<p><strong>TERCER A\u00d1O<\/strong><\/p>\n<p>DIDACTICA ESPECIAL II &#8211;\u00a0<a href=\"https:\/\/iesm-tuc.infd.edu.ar\/sitio\/wp-content\/uploads\/2021\/05\/3RO-DIDACTICA-ESPECIAL-II.pdf\">3RO DIDACTICA ESPECIAL II<\/a><\/p>\n<p>&nbsp;<\/p>\n<p><strong>CUARTO A\u00d1O\u00a0<\/strong><\/p>\n<p>AN\u00c1LISIS DE VARIAS VARIABLES &#8211;\u00a0<a href=\"https:\/\/iesm-tuc.infd.edu.ar\/sitio\/wp-content\/uploads\/2021\/05\/4TO-ANALISIS-DE-VARIAS-VARIABLES.pdf\">4TO &#8211; ANALISIS DE VARIAS VARIABLES<\/a><\/p>\n<p>DID\u00c1CTICA DE LA MATEM\u00c1TICA III &#8211;\u00a0<a href=\"https:\/\/iesm-tuc.infd.edu.ar\/sitio\/wp-content\/uploads\/2021\/05\/4TO-DID\u00c1CTICA-DE-LA-MATEM\u00c1TICA-III.pdf\">4TO DID\u00c1CTICA DE LA MATEM\u00c1TICA III<\/a><\/p>\n<p>MODELIZACI\u00d3N MATEM\u00c1TICA (EDI)\u00a0<a href=\"https:\/\/iesm-tuc.infd.edu.ar\/sitio\/wp-content\/uploads\/2021\/05\/4TO-EDI-MODELIZACION-MATEMATICA.pdf\">4TO EDI MODELIZACION MATEMATICA<\/a><\/p>\n<p>EDUCACI\u00d3N SEXUAL INTEGRAL &#8211;\u00a0<a href=\"https:\/\/iesm-tuc.infd.edu.ar\/sitio\/wp-content\/uploads\/2021\/05\/4TO-EDUCACION-SEXUAL-INTEGRAL-.pdf\">4TO EDUCACION SEXUAL INTEGRAL<\/a><\/p>\n<p>HISTORIA Y EPISTEMOLOG\u00cdA DE LA MATEM\u00c1TICA &#8211;\u00a0<a href=\"https:\/\/iesm-tuc.infd.edu.ar\/sitio\/wp-content\/uploads\/2021\/05\/4TO-HISTORIA-Y-EPISTOMOLOGIA-DE-LA-MATEMATICA-.pdf\">4TO HISTORIA Y EPISTOMOLOGIA DE LA MATEMATICA<\/a><\/p>\n<p>&nbsp;<\/p>\n<p>&nbsp;<\/p>\n<p>&nbsp;<\/p>\n<p>&nbsp;<\/p>\n","protected":false},"excerpt":{"rendered":"<p>A\u00d1O ACAD\u00c9MICO 2020 PROGRAMAS DE LAS MATERIAS &#8211; TURNO TARDE PRIMER A\u00d1O ELEMENTOS DE ARITMETICA Y ALGEBRA &#8211;\u00a01RO ELEMENTOS DE ARITMETICA Y ALGEBRA MATEMATICA Y TIC &#8211;\u00a01RO MATEMATICA Y TIC PRACTICA PROFESIONAL I &#8211;\u00a01RO PRACTICA PROFESIONAL I LECTURA, ESCRITURA Y ORALIDAD &#8211;\u00a01RO LECTURA, ESCRITURA Y ORALIDAD PROBLEMATICA DE LA EDUCACI\u00d3N SECUNDARIA &#8212;\u00a01RO PROBLEM\u00c1TICA DE LA &#8230; <a title=\"Profesorado de Educaci\u00f3n Secundaria en Matem\u00e1tica\" class=\"read-more\" href=\"https:\/\/iesm-tuc.infd.edu.ar\/sitio\/profesorado-en-matematica\/\" aria-label=\"More on Profesorado de Educaci\u00f3n Secundaria en Matem\u00e1tica\">[+]<\/a><\/p>\n","protected":false},"author":147,"featured_media":0,"parent":0,"menu_order":0,"comment_status":"closed","ping_status":"closed","template":"","meta":[],"acf":[],"_links":{"self":[{"href":"https:\/\/iesm-tuc.infd.edu.ar\/sitio\/wp-json\/wp\/v2\/pages\/767"}],"collection":[{"href":"https:\/\/iesm-tuc.infd.edu.ar\/sitio\/wp-json\/wp\/v2\/pages"}],"about":[{"href":"https:\/\/iesm-tuc.infd.edu.ar\/sitio\/wp-json\/wp\/v2\/types\/page"}],"author":[{"embeddable":true,"href":"https:\/\/iesm-tuc.infd.edu.ar\/sitio\/wp-json\/wp\/v2\/users\/147"}],"replies":[{"embeddable":true,"href":"https:\/\/iesm-tuc.infd.edu.ar\/sitio\/wp-json\/wp\/v2\/comments?post=767"}],"version-history":[{"count":6,"href":"https:\/\/iesm-tuc.infd.edu.ar\/sitio\/wp-json\/wp\/v2\/pages\/767\/revisions"}],"predecessor-version":[{"id":1054,"href":"https:\/\/iesm-tuc.infd.edu.ar\/sitio\/wp-json\/wp\/v2\/pages\/767\/revisions\/1054"}],"wp:attachment":[{"href":"https:\/\/iesm-tuc.infd.edu.ar\/sitio\/wp-json\/wp\/v2\/media?parent=767"}],"curies":[{"name":"wp","href":"https:\/\/api.w.org\/{rel}","templated":true}]}}