{"id":763,"date":"2018-08-31T18:39:34","date_gmt":"2018-08-31T21:39:34","guid":{"rendered":"https:\/\/iesm-tuc.infd.edu.ar\/sitio\/el-instituto\/"},"modified":"2026-03-27T15:45:21","modified_gmt":"2026-03-27T18:45:21","slug":"el-instituto","status":"publish","type":"page","link":"https:\/\/iesm-tuc.infd.edu.ar\/sitio\/el-instituto\/","title":{"rendered":"IES Gral. Bernab\u00e9 Ar\u00e1oz (ex-IES Monteros)."},"content":{"rendered":"\n<p><\/p>\n\n\n\n<p class=\"has-text-align-center\">&nbsp;<\/p>\n\n\n\n<p class=\"has-text-align-center\"><span style=\"color: #800080;\"><span style=\"font-size: large;\"><span style=\"font-family: arial,helvetica,sans-serif;\">INSTITUTO DE ENSE\u00d1ANZA SUPERIOR \u00abMONTEROS\u00bb<\/span><\/span><\/span><\/p>\n\n\n\n<p class=\"has-text-align-center\">&nbsp;<\/p>\n\n\n\n<p class=\"has-text-align-center\"><\/p>\n\n\n\n<div class=\"wp-block-group is-layout-constrained\"><div class=\"wp-block-group__inner-container\">\n<figure class=\"wp-block-image is-resized\"><img decoding=\"async\" loading=\"lazy\" src=\"https:\/\/iesm-tuc.infd.edu.ar\/sitio\/wp-content\/uploads\/2018\/08\/FOTO_ESCUELA.jpg\" alt=\"Este es nuevo local institucional\" width=\"1008\" height=\"1343\" title=\"Este es nuevo local institucional\"\/><\/figure>\n<\/div><\/div>\n\n\n\n<p><strong>BIENVENIDOS AL INICIO DEL CICLO LECTIVO 2020<\/strong><\/p>\n\n\n\n<p><strong>\u00abEs en la crisis donde aflora lo mejor de cada uno, porque sin crisis todo viento es caricia. Hablar de crisis es promoverla, y callar en la crisis es exaltar el conformismo. En vez de esto trabajemos duro. Acabemos de una vez con la \u00fanica crisis amenazadora que es la tragedia de no querer luchar por superarla.\u00bb<br>ALBERT EINSTEIN<\/strong><\/p>\n\n\n\n<p><strong><u>Carta a la Comunidad Educativa del Instituto de Ense\u00f1anza Superior \u2013 Monteros<\/u><\/strong><\/p>\n\n\n\n<p>Hoy, 25 de Marzo de 2020, como Directora del Instituto de Ense\u00f1anza Superior \u2013 Monteros, tengo el agrado de dirigir unas palabras en este simb\u00f3lico Acto de Apertura del Ciclo Lectivo 2020. Imagino una fotograf\u00eda de otros a\u00f1os, con el patio colmado de j\u00f3venes y adultos que eligieron el estudio como superaci\u00f3n personal y profesional. Algunos a puntos de completar los cuatro a\u00f1os de estudio, otros a mitad de carrera y tambi\u00e9n est\u00e1n all\u00ed los que reci\u00e9n inician este trayecto de formaci\u00f3n docente.&nbsp; Tambi\u00e9n mi mente recorre los rostros de los preceptores, administrativos, ayudantes de clases pr\u00e1cticas, bibliotecaria, profesores y personal auxiliar. Y por qu\u00e9 no, la presencia de padres y madres acompa\u00f1ando a sus hijos en un nuevo nivel del sistema educativo.<\/p>\n\n\n\n<p>Una situaci\u00f3n,que atraviesa las fronteras en el mundo, posiciona a nuestra comunidad educativa del IES \u2013 Monteros,a participar de manera virtual en el Acto Protocolar.&nbsp; La salud de todos los argentinos, y de toda la humanidad hoy est\u00e1 en riesgo; el hombre hoy est\u00e1 en crisis, debemos pensar y repensar en como preservase, en c\u00f3mo cuidarnos como especie. Una preservaci\u00f3n que contemple al otro, con el otro y para el otro; que supere las necesidades individuales, que abra las manos del hombre para el bien del mundo.<\/p>\n\n\n\n<p>Desde el Gobierno Nacional y el Provincial se tomaron medidas para superar esa presencialidad que hoy no nos permite estar en el patio escolar, lleno de bullicios, de encuentros, de risas, de abrazos\u2026 Nuestra Bandera\u2026 La m\u00fasica de Nuestro Himno\u2026 Nuestras mentes y nuestros cuerpos\u2026<\/p>\n\n\n\n<p>Hoy podremos reunirnos alumnos y docentes en las aulas virtuales del IES \u2013 Monteros; la comunicaci\u00f3n esta sostenida en lo que la tecnolog\u00eda digital nos provee.Ya iniciamos un primer contacto con propuestas de actividades subidas a la plataforma digital que brinda el Ministerio de Educaci\u00f3n de la Provincia de Tucum\u00e1n. En estos momentos estamos abocados a incrementar las aulas virtuales en el nodo provisto por el Instituto Nacional de Formaci\u00f3n Docente. Desde la Direcci\u00f3n toda informaci\u00f3n es canalizada al Centro de Estudiantes de nuestro IES.<\/p>\n\n\n\n<p>Adem\u00e1s de la comunicaci\u00f3n digital, debemos poner en juego el trabajo en equipo. Un equipo de&nbsp; grandes, que tenga como base a cada uno de nosotros y permita aprovechar la experiencia y la creatividad de todos.&nbsp; Esto s\u00f3lo se lograr\u00e1 si estamos predispuestos al cambio que genera esta crisis mundial en relaci\u00f3n a la salud humana y sabemos aceptar&nbsp; y cumplir las normas del juego que compartan nuestras autoridades.<\/p>\n\n\n\n<p>Nuestro equipo de trabajo, conformado por toda la comunidad educativa del I.E.S. Monteros tendr\u00e1 como objetivo fundamental lograr un gran desaf\u00edo pedag\u00f3gico: la continuidad de la ense\u00f1anza, entiendo esta como un encuentro sostenido en el tiempo entre los docentes, los alumnos y el saber.<\/p>\n\n\n\n<p>No quiero finalizar sin antes pedirles el cuidado de cada uno de ustedes y de sus familias. El estar en casa es la \u00fanica vacuna que hoy se conoce contra el virus. Implementen todas las medidas de higiene aconsejadas por los profesionales de la salud. Hoy en cada casa de la Argentina hay una familia trabajando duro en la superaci\u00f3n de una crisis mundial.<\/p>\n\n\n\n<p>Nos seguiremos leyendo, escuchando y vi\u00e9ndonos de manera virtual. Espero que el encuentro cara a cara sea pronto. Que Dios proteja a cada uno de nosotros y a nuestras familias.<\/p>\n\n\n\n<p>Prof. y Lic. Mirta Liliana Nieva de Carrizo<\/p>\n\n\n\n<p class=\"has-text-align-center\">&nbsp;<\/p>\n\n\n\n<div class=\"wp-block-columns is-layout-flex wp-container-4\">\n<div class=\"wp-block-column is-layout-flow\" style=\"flex-basis:66.66%\"><\/div>\n\n\n\n<div class=\"wp-block-column is-layout-flow\" style=\"flex-basis:33.33%\"><\/div>\n<\/div>\n\n\n\n<div class=\"wp-block-columns is-layout-flex wp-container-5\"><\/div>\n\n\n\n<figure class=\"wp-block-table\"><table><tbody><tr><td><\/td><td><\/td><\/tr><tr><td><\/td><td><\/td><\/tr><\/tbody><\/table><\/figure>\n\n\n\n<div class=\"wp-block-columns is-layout-flex wp-container-9\">\n<div class=\"wp-block-column is-layout-flow\" style=\"flex-basis:25%\"><\/div>\n\n\n\n<div class=\"wp-block-column is-layout-flow\" style=\"flex-basis:50%\"><\/div>\n\n\n\n<div class=\"wp-block-column is-layout-flow\" style=\"flex-basis:25%\"><\/div>\n<\/div>\n\n\n\n<figure class=\"wp-block-table\"><table><tbody><tr><td><\/td><td><\/td><\/tr><tr><td><\/td><td><\/td><\/tr><\/tbody><\/table><\/figure>\n\n\n\n<figure class=\"wp-block-table\"><table><tbody><tr><td><\/td><td><\/td><\/tr><tr><td><\/td><td><\/td><\/tr><\/tbody><\/table><\/figure>\n\n\n\n<figure class=\"wp-block-table\"><table><tbody><tr><td><\/td><td><\/td><\/tr><tr><td><\/td><td><\/td><\/tr><\/tbody><\/table><\/figure>\n\n\n\n<figure class=\"wp-block-table\"><table><tbody><tr><td><\/td><td><\/td><\/tr><tr><td><\/td><td><\/td><\/tr><\/tbody><\/table><\/figure>\n\n\n\n<figure class=\"wp-block-table\"><table><tbody><tr><td><\/td><td><\/td><\/tr><tr><td><\/td><td><\/td><\/tr><\/tbody><\/table><\/figure>\n\n\n\n<figure class=\"wp-block-table\"><table><tbody><tr><td><\/td><td><\/td><\/tr><tr><td><\/td><td><\/td><\/tr><\/tbody><\/table><\/figure>\n","protected":false},"excerpt":{"rendered":"<p>&nbsp; INSTITUTO DE ENSE\u00d1ANZA SUPERIOR \u00abMONTEROS\u00bb &nbsp; BIENVENIDOS AL INICIO DEL CICLO LECTIVO 2020 \u00abEs en la crisis donde aflora lo mejor de cada uno, porque sin crisis todo viento es caricia. Hablar de crisis es promoverla, y callar en la crisis es exaltar el conformismo. En vez de esto trabajemos duro. Acabemos de una &#8230; <a title=\"IES Gral. Bernab\u00e9 Ar\u00e1oz (ex-IES Monteros).\" class=\"read-more\" href=\"https:\/\/iesm-tuc.infd.edu.ar\/sitio\/el-instituto\/\" aria-label=\"More on IES Gral. Bernab\u00e9 Ar\u00e1oz (ex-IES Monteros).\">[+]<\/a><\/p>\n","protected":false},"author":147,"featured_media":0,"parent":0,"menu_order":0,"comment_status":"closed","ping_status":"closed","template":"","meta":[],"acf":[],"_links":{"self":[{"href":"https:\/\/iesm-tuc.infd.edu.ar\/sitio\/wp-json\/wp\/v2\/pages\/763"}],"collection":[{"href":"https:\/\/iesm-tuc.infd.edu.ar\/sitio\/wp-json\/wp\/v2\/pages"}],"about":[{"href":"https:\/\/iesm-tuc.infd.edu.ar\/sitio\/wp-json\/wp\/v2\/types\/page"}],"author":[{"embeddable":true,"href":"https:\/\/iesm-tuc.infd.edu.ar\/sitio\/wp-json\/wp\/v2\/users\/147"}],"replies":[{"embeddable":true,"href":"https:\/\/iesm-tuc.infd.edu.ar\/sitio\/wp-json\/wp\/v2\/comments?post=763"}],"version-history":[{"count":5,"href":"https:\/\/iesm-tuc.infd.edu.ar\/sitio\/wp-json\/wp\/v2\/pages\/763\/revisions"}],"predecessor-version":[{"id":1210,"href":"https:\/\/iesm-tuc.infd.edu.ar\/sitio\/wp-json\/wp\/v2\/pages\/763\/revisions\/1210"}],"wp:attachment":[{"href":"https:\/\/iesm-tuc.infd.edu.ar\/sitio\/wp-json\/wp\/v2\/media?parent=763"}],"curies":[{"name":"wp","href":"https:\/\/api.w.org\/{rel}","templated":true}]}}